{"id":1083,"date":"2024-08-15T11:59:02","date_gmt":"2024-08-15T17:59:02","guid":{"rendered":"https:\/\/www.difcorregidora.gob.mx\/new\/?page_id=1083"},"modified":"2024-11-11T16:45:30","modified_gmt":"2024-11-11T22:45:30","slug":"mejora-regulatoria","status":"publish","type":"page","link":"https:\/\/difcorregidora.gob.mx\/new\/mejora-regulatoria\/","title":{"rendered":"Mejora-Regulatoria."},"content":{"rendered":"\n<div style=\"height:203px\" aria-hidden=\"true\" class=\"wp-block-spacer\"><\/div>\n\n\n\n<p><\/p>\n\n\n\n<p><\/p>\n\n\n\n<p class=\"has-text-align-center has-medium-font-size\" style=\"margin-top:var(--wp--preset--spacing--20);margin-right:var(--wp--preset--spacing--20);margin-bottom:var(--wp--preset--spacing--20);margin-left:var(--wp--preset--spacing--20)\"><strong><mark style=\"background-color:rgba(0, 0, 0, 0)\" class=\"has-inline-color has-ast-global-color-0-color\">Contralor\u00eda<\/mark><\/strong><\/p>\n\n\n\n<div class=\"wp-block-buttons wp-elements-2cd1f1b9c3f259eaa5ccb74bf87a29d0 is-content-justification-center is-layout-flex wp-container-core-buttons-is-layout-a89b3969 wp-block-buttons-is-layout-flex\">\n<div class=\"wp-block-button is-style-outline is-style-outline--1\"><a class=\"wp-block-button__link has-text-align-center wp-element-button\" href=\"https:\/\/difcorregidora.gob.mx\/archivos\/2024\/mejora-regulatoria\/contraloria\/TR-1210-003.pdf\" target=\"_blank\" rel=\"noreferrer noopener\">Denuncias Ciudadanas<\/a><\/div>\n<\/div>\n\n\n\n<hr class=\"wp-block-separator has-alpha-channel-opacity is-style-wide\"\/>\n\n\n\n<p class=\"has-text-align-center has-medium-font-size\"><strong><mark style=\"background-color:rgba(0, 0, 0, 0)\" class=\"has-inline-color has-ast-global-color-0-color\">Coordinaci\u00f3n de Accesibilidad e Inclusi\u00f3n de Personas con Discapacidad<\/mark><\/strong><\/p>\n\n\n\n<div class=\"wp-block-buttons is-content-justification-center is-layout-flex wp-container-core-buttons-is-layout-c124d1c4 wp-block-buttons-is-layout-flex\">\n<div class=\"wp-block-button is-style-outline is-style-outline--2\"><a class=\"wp-block-button__link wp-element-button\" href=\"https:\/\/difcorregidora.gob.mx\/archivos\/2024\/mejora-regulatoria\/discapacidad\/TR-1210-027.pdf\" target=\"_blank\" rel=\"noreferrer noopener\">Tarjet\u00f3n de Estacionamiento para Personal con Discapacidad &#8211; TR-1210-027<\/a><\/div>\n<\/div>\n\n\n\n<div class=\"wp-block-buttons is-content-justification-center is-layout-flex wp-container-core-buttons-is-layout-a89b3969 wp-block-buttons-is-layout-flex\">\n<div class=\"wp-block-button is-style-outline is-style-outline--3\"><a class=\"wp-block-button__link wp-element-button\" href=\"https:\/\/difcorregidora.gob.mx\/archivos\/2024\/mejora-regulatoria\/discapacidad\/TR-1210-029.pdf\" target=\"_blank\" rel=\"noreferrer noopener\">Masoterapia para Personas con Discapacidad y Familiares &#8211; TR-1210-029<\/a><\/div>\n<\/div>\n\n\n\n<div class=\"wp-block-buttons is-content-justification-center is-layout-flex wp-container-core-buttons-is-layout-a89b3969 wp-block-buttons-is-layout-flex\">\n<div class=\"wp-block-button is-style-outline is-style-outline--4\"><a class=\"wp-block-button__link wp-element-button\" href=\"https:\/\/difcorregidora.gob.mx\/archivos\/2024\/mejora-regulatoria\/discapacidad\/TR-1210-030.pdf\" target=\"_blank\" rel=\"noreferrer noopener\">Activaci\u00f3n F\u00edsica para Personas con Discapacidad y Padres o Tutores &#8211; TR-1210-030<\/a><\/div>\n<\/div>\n\n\n\n<div class=\"wp-block-buttons is-content-justification-center is-layout-flex wp-container-core-buttons-is-layout-a89b3969 wp-block-buttons-is-layout-flex\">\n<div class=\"wp-block-button is-style-outline is-style-outline--5\"><a class=\"wp-block-button__link wp-element-button\" href=\"https:\/\/difcorregidora.gob.mx\/archivos\/2024\/mejora-regulatoria\/discapacidad\/TR-1210-031.pdf\">Taller de Manualidades para Personas con Discapacidad &#8211; TR-1210-031<\/a><\/div>\n<\/div>\n\n\n\n<div class=\"wp-block-buttons is-content-justification-center is-layout-flex wp-container-core-buttons-is-layout-a89b3969 wp-block-buttons-is-layout-flex\">\n<div class=\"wp-block-button is-style-outline is-style-outline--6\"><a class=\"wp-block-button__link wp-element-button\" href=\"https:\/\/difcorregidora.gob.mx\/archivos\/2024\/mejora-regulatoria\/discapacidad\/TR-1210-032.pdf\" target=\"_blank\" rel=\"noreferrer noopener\">Equino terapia para Personas con Discapacidad &#8211; TR-1210-032<\/a><\/div>\n<\/div>\n\n\n\n<hr class=\"wp-block-separator has-alpha-channel-opacity is-style-wide\"\/>\n\n\n\n<p class=\"has-text-align-center has-medium-font-size\"><strong><mark style=\"background-color:rgba(0, 0, 0, 0)\" class=\"has-inline-color has-ast-global-color-0-color\">Titular de la Unidad de Protecci\u00f3n Integral de Grupos Vulnerables<\/mark><\/strong><\/p>\n\n\n\n<div class=\"wp-block-buttons is-content-justification-center is-layout-flex wp-container-core-buttons-is-layout-a89b3969 wp-block-buttons-is-layout-flex\">\n<div class=\"wp-block-button is-style-outline is-style-outline--7\"><a class=\"wp-block-button__link wp-element-button\" href=\"https:\/\/difcorregidora.gob.mx\/archivos\/2024\/mejora-regulatoria\/gposvulnerables\/TR-1210-006.pdf\" target=\"_blank\" rel=\"noreferrer noopener\">Atenci\u00f3n a Reportes de Maltrato a Poblaci\u00f3n en Situaci\u00f3n de Vulnerabilidad &#8211; TR-1210-006<\/a><\/div>\n<\/div>\n\n\n\n<div class=\"wp-block-buttons is-content-justification-center is-layout-flex wp-container-core-buttons-is-layout-a89b3969 wp-block-buttons-is-layout-flex\">\n<div class=\"wp-block-button is-style-outline is-style-outline--8\"><a class=\"wp-block-button__link wp-element-button\" href=\"https:\/\/difcorregidora.gob.mx\/archivos\/2024\/mejora-regulatoria\/gposvulnerables\/TR-1210-023.pdf\" target=\"_blank\" rel=\"noreferrer noopener\">Asesor\u00eda y Representaci\u00f3n Legal a Personas en Situaci\u00f3n de Vulnerabilidad &#8211; TR-1210-023<\/a><\/div>\n<\/div>\n\n\n\n<div class=\"wp-block-buttons is-content-justification-center is-layout-flex wp-container-core-buttons-is-layout-a89b3969 wp-block-buttons-is-layout-flex\">\n<div class=\"wp-block-button is-style-outline is-style-outline--9\"><a class=\"wp-block-button__link wp-element-button\" href=\"https:\/\/difcorregidora.gob.mx\/archivos\/2024\/mejora-regulatoria\/gposvulnerables\/TR-1210-028.pdf\" target=\"_blank\" rel=\"noreferrer noopener\">Atenci\u00f3n Psicol\u00f3gica a Poblaci\u00f3n en Situaci\u00f3n de Vulnerabilidad &#8211; TR-1210-028<\/a><\/div>\n<\/div>\n\n\n\n<hr class=\"wp-block-separator has-alpha-channel-opacity is-style-wide\"\/>\n\n\n\n<p class=\"has-text-align-center has-medium-font-size\"><strong><mark style=\"background-color:rgba(0, 0, 0, 0)\" class=\"has-inline-color has-ast-global-color-0-color\">Procuradora Municipal de Protecci\u00f3n a Ni\u00f1as, Ni\u00f1os y Adolescentes<\/mark><\/strong><\/p>\n\n\n\n<div class=\"wp-block-buttons is-content-justification-center is-layout-flex wp-container-core-buttons-is-layout-a89b3969 wp-block-buttons-is-layout-flex\">\n<div class=\"wp-block-button is-style-outline is-style-outline--10\"><a class=\"wp-block-button__link wp-element-button\" href=\"https:\/\/difcorregidora.gob.mx\/archivos\/2024\/mejora-regulatoria\/procuraduria\/TR-1210-0007.pdf\" target=\"_blank\" rel=\"noreferrer noopener\">Atenci\u00f3n a Reportes de Maltrato a Ni\u00f1as, Ni\u00f1os y Adolescentes &#8211; TR-1210-0007<\/a><\/div>\n<\/div>\n\n\n\n<div class=\"wp-block-buttons is-content-justification-center is-layout-flex wp-container-core-buttons-is-layout-a89b3969 wp-block-buttons-is-layout-flex\">\n<div class=\"wp-block-button is-style-outline is-style-outline--11\"><a class=\"wp-block-button__link wp-element-button\" href=\"https:\/\/difcorregidora.gob.mx\/archivos\/2024\/mejora-regulatoria\/procuraduria\/TR-1210-016.pdf\" target=\"_blank\" rel=\"noreferrer noopener\">Atenci\u00f3n Psicol\u00f3gica a Ni\u00f1os, Ni\u00f1as y Adolescentes TR-1210-016<\/a><\/div>\n<\/div>\n\n\n\n<hr class=\"wp-block-separator has-alpha-channel-opacity is-style-wide\"\/>\n\n\n\n<p class=\"has-text-align-center has-medium-font-size\"><strong><mark style=\"background-color:rgba(0, 0, 0, 0)\" class=\"has-inline-color has-ast-global-color-0-color\">Programas Sociales<\/mark><\/strong><\/p>\n\n\n\n<div class=\"wp-block-buttons is-content-justification-center is-layout-flex wp-container-core-buttons-is-layout-a89b3969 wp-block-buttons-is-layout-flex\">\n<div class=\"wp-block-button is-style-outline is-style-outline--12\"><a class=\"wp-block-button__link wp-element-button\" href=\"https:\/\/difcorregidora.gob.mx\/archivos\/2024\/mejora-regulatoria\/progsociales\/TR-1210-008.pdf\" target=\"_blank\" rel=\"noreferrer noopener\">Desayunos Escolares Modalidad en Caliente &#8211; TR-1210-008<\/a><\/div>\n<\/div>\n\n\n\n<div class=\"wp-block-buttons is-content-justification-center is-layout-flex wp-container-core-buttons-is-layout-a89b3969 wp-block-buttons-is-layout-flex\">\n<div class=\"wp-block-button is-style-outline is-style-outline--13\"><a class=\"wp-block-button__link wp-element-button\" href=\"https:\/\/difcorregidora.gob.mx\/archivos\/2024\/mejora-regulatoria\/progsociales\/TR-1210-009.pdf\" target=\"_blank\" rel=\"noreferrer noopener\">Desayunos Escolares Modalidad en Fr\u00edo &#8211; TR-1210-009<\/a><\/div>\n<\/div>\n\n\n\n<div class=\"wp-block-buttons is-content-justification-center is-layout-flex wp-container-core-buttons-is-layout-a89b3969 wp-block-buttons-is-layout-flex\">\n<div class=\"wp-block-button is-style-outline is-style-outline--14\"><a class=\"wp-block-button__link wp-element-button\" href=\"https:\/\/difcorregidora.gob.mx\/archivos\/2024\/mejora-regulatoria\/progsociales\/TR-1210-010.pdf\" target=\"_blank\" rel=\"noreferrer noopener\">Programas Alimentarios &#8211; TR-1210-010<\/a><\/div>\n<\/div>\n\n\n\n<div class=\"wp-block-buttons is-content-justification-center is-layout-flex wp-container-core-buttons-is-layout-a89b3969 wp-block-buttons-is-layout-flex\">\n<div class=\"wp-block-button is-style-outline is-style-outline--15\"><a class=\"wp-block-button__link wp-element-button\" href=\"https:\/\/difcorregidora.gob.mx\/archivos\/2024\/mejora-regulatoria\/progsociales\/TR-1210-018.pdf\" target=\"_blank\" rel=\"noreferrer noopener\">Polos y Centros de Desarrollo Comunitario &#8211; TR-1210-018<\/a><\/div>\n<\/div>\n\n\n\n<div class=\"wp-block-buttons is-content-justification-center is-layout-flex wp-container-core-buttons-is-layout-a89b3969 wp-block-buttons-is-layout-flex\">\n<div class=\"wp-block-button is-style-outline is-style-outline--16\"><a class=\"wp-block-button__link wp-element-button\" href=\"https:\/\/difcorregidora.gob.mx\/archivos\/2024\/mejora-regulatoria\/progsociales\/TR-1210-014.pdf\" target=\"_blank\" rel=\"noreferrer noopener\">Apoyos Asistenciales &#8211; TR-1210-014<\/a><\/div>\n<\/div>\n\n\n\n<div class=\"wp-block-buttons is-content-justification-center is-layout-flex wp-container-core-buttons-is-layout-a89b3969 wp-block-buttons-is-layout-flex\">\n<div class=\"wp-block-button is-style-outline is-style-outline--17\"><a class=\"wp-block-button__link wp-element-button\" href=\"https:\/\/difcorregidora.gob.mx\/archivos\/2024\/mejora-regulatoria\/progsociales\/TR-1210-015.pdf\" target=\"_blank\" rel=\"noreferrer noopener\">Credencial Inapam &#8211; TR-1210-025<\/a><\/div>\n<\/div>\n\n\n\n<hr class=\"wp-block-separator has-alpha-channel-opacity is-style-wide\"\/>\n\n\n\n<p class=\"has-text-align-center has-medium-font-size\"><strong><mark style=\"background-color:rgba(0, 0, 0, 0)\" class=\"has-inline-color has-ast-global-color-0-color\">Unidad B\u00e1sica de Rehabilitaci\u00f3n<\/mark><\/strong><\/p>\n\n\n\n<div class=\"wp-block-buttons is-content-justification-center is-layout-flex wp-container-core-buttons-is-layout-a89b3969 wp-block-buttons-is-layout-flex\">\n<div class=\"wp-block-button is-style-outline is-style-outline--18\"><a class=\"wp-block-button__link wp-element-button\" href=\"https:\/\/difcorregidora.gob.mx\/archivos\/2024\/mejora-regulatoria\/ubr\/TR-1210 -011.pdf\" target=\"_blank\" rel=\"noreferrer noopener\">Terapia Psicol\u00f3gica &#8211; TR-1210-011<\/a><\/div>\n<\/div>\n\n\n\n<div class=\"wp-block-buttons is-content-justification-center is-layout-flex wp-container-core-buttons-is-layout-a89b3969 wp-block-buttons-is-layout-flex\">\n<div class=\"wp-block-button is-style-outline is-style-outline--19\"><a class=\"wp-block-button__link wp-element-button\" href=\"https:\/\/difcorregidora.gob.mx\/archivos\/2024\/mejora-regulatoria\/ubr\/TR-1210 -012.pdf\" target=\"_blank\" rel=\"noreferrer noopener\">Terapia F\u00edsica &#8211; TR-1210-012<\/a><\/div>\n<\/div>\n\n\n\n<div class=\"wp-block-buttons is-content-justification-center is-layout-flex wp-container-core-buttons-is-layout-a89b3969 wp-block-buttons-is-layout-flex\">\n<div class=\"wp-block-button is-style-outline is-style-outline--20\"><a class=\"wp-block-button__link wp-element-button\" href=\"https:\/\/difcorregidora.gob.mx\/archivos\/2024\/mejora-regulatoria\/ubr\/TR-1210 -013.pdf\" target=\"_blank\" rel=\"noreferrer noopener\">Terapia de Audici\u00f3n y Lenguaje &#8211; TR-1210-013<\/a><\/div>\n<\/div>\n\n\n\n<p><\/p>\n","protected":false},"excerpt":{"rendered":"<p>Contralor\u00eda Coordinaci\u00f3n de Accesibilidad e Inclusi\u00f3n de Personas con Discapacidad Titular de la Unidad de Protecci\u00f3n Integral de Grupos Vulnerables Procuradora Municipal de Protecci\u00f3n a Ni\u00f1as, Ni\u00f1os y Adolescentes Programas [&hellip;]<\/p>\n","protected":false},"author":1,"featured_media":0,"parent":0,"menu_order":0,"comment_status":"closed","ping_status":"closed","template":"","meta":{"footnotes":""},"class_list":["post-1083","page","type-page","status-publish","hentry"],"_links":{"self":[{"href":"https:\/\/difcorregidora.gob.mx\/new\/wp-json\/wp\/v2\/pages\/1083","targetHints":{"allow":["GET"]}}],"collection":[{"href":"https:\/\/difcorregidora.gob.mx\/new\/wp-json\/wp\/v2\/pages"}],"about":[{"href":"https:\/\/difcorregidora.gob.mx\/new\/wp-json\/wp\/v2\/types\/page"}],"author":[{"embeddable":true,"href":"https:\/\/difcorregidora.gob.mx\/new\/wp-json\/wp\/v2\/users\/1"}],"replies":[{"embeddable":true,"href":"https:\/\/difcorregidora.gob.mx\/new\/wp-json\/wp\/v2\/comments?post=1083"}],"version-history":[{"count":27,"href":"https:\/\/difcorregidora.gob.mx\/new\/wp-json\/wp\/v2\/pages\/1083\/revisions"}],"predecessor-version":[{"id":1306,"href":"https:\/\/difcorregidora.gob.mx\/new\/wp-json\/wp\/v2\/pages\/1083\/revisions\/1306"}],"wp:attachment":[{"href":"https:\/\/difcorregidora.gob.mx\/new\/wp-json\/wp\/v2\/media?parent=1083"}],"curies":[{"name":"wp","href":"https:\/\/api.w.org\/{rel}","templated":true}]}}