{"id":1149,"date":"2024-08-16T09:23:28","date_gmt":"2024-08-16T15:23:28","guid":{"rendered":"https:\/\/www.difcorregidora.gob.mx\/new\/?page_id=1149"},"modified":"2024-08-16T09:27:47","modified_gmt":"2024-08-16T15:27:47","slug":"bravo","status":"publish","type":"page","link":"https:\/\/difcorregidora.gob.mx\/new\/bravo\/","title":{"rendered":"Bravo"},"content":{"rendered":"\n<div style=\"height:100px\" aria-hidden=\"true\" class=\"wp-block-spacer\"><\/div>\n\n\n<p><img loading=\"lazy\" decoding=\"async\" class=\"wp-image-1119 size-medium aligncenter\" src=\"https:\/\/www.difcorregidora.gob.mx\/new\/wp-content\/uploads\/2024\/08\/bravo-300x150.png\" alt=\"\" width=\"300\" height=\"150\" srcset=\"https:\/\/difcorregidora.gob.mx\/new\/wp-content\/uploads\/2024\/08\/bravo-300x150.png 300w, https:\/\/difcorregidora.gob.mx\/new\/wp-content\/uploads\/2024\/08\/bravo.png 400w\" sizes=\"auto, (max-width: 300px) 100vw, 300px\" \/><\/p>\n<h3 style=\"text-align: center;\">Encargada de Polo<\/h3>\n<h6 style=\"text-align: center;\">Mireya Silva Hern\u00e1ndez<\/h6>\n<p style=\"text-align: center;\">Horarios<\/p>\n<p style=\"text-align: center;\">09:00 a 17:00<\/p>\n<p style=\"text-align: center;\"><a href=\"https:\/\/www.difcorregidora.gob.mx\/archivos\/2024\/POLOS\/BRAVO\/11\/BRAVO.pdf\"><img loading=\"lazy\" decoding=\"async\" class=\"alignnone wp-image-1139\" src=\"https:\/\/www.difcorregidora.gob.mx\/new\/wp-content\/uploads\/2024\/08\/boton2-300x300.png\" alt=\"\" width=\"50\" height=\"50\" srcset=\"https:\/\/difcorregidora.gob.mx\/new\/wp-content\/uploads\/2024\/08\/boton2-300x300.png 300w, https:\/\/difcorregidora.gob.mx\/new\/wp-content\/uploads\/2024\/08\/boton2-150x150.png 150w, https:\/\/difcorregidora.gob.mx\/new\/wp-content\/uploads\/2024\/08\/boton2-375x375.png 375w, https:\/\/difcorregidora.gob.mx\/new\/wp-content\/uploads\/2024\/08\/boton2.png 600w\" sizes=\"auto, (max-width: 50px) 100vw, 50px\" \/><\/a><\/p>\n<p style=\"text-align: center;\">Direcci\u00f3n: Calle Santa Ana, esquina Calle Santa Mar\u00eda de Guadalupe<\/p>\n<p style=\"text-align: center;\">Col. El Milagrito, Corregidora, C.P. 76907<\/p>\n<p style=\"text-align: center;\">Tel\u00e9fono Personal: 442-546-9148<\/p>\n<p style=\"text-align: center;\"><a href=\"https:\/\/www.difcorregidora.gob.mx\/archivos\/2021\/portaldif2021\/privacidad\/progsociales.pdf\">Aviso de Privacidad<\/a><\/p>","protected":false},"excerpt":{"rendered":"<p>Encargada de Polo Mireya Silva Hern\u00e1ndez Horarios 09:00 a 17:00 Direcci\u00f3n: Calle Santa Ana, esquina Calle Santa Mar\u00eda de Guadalupe Col. El Milagrito, Corregidora, C.P. 76907 Tel\u00e9fono Personal: 442-546-9148 Aviso [&hellip;]<\/p>\n","protected":false},"author":1,"featured_media":0,"parent":0,"menu_order":0,"comment_status":"closed","ping_status":"closed","template":"","meta":{"footnotes":""},"class_list":["post-1149","page","type-page","status-publish","hentry"],"_links":{"self":[{"href":"https:\/\/difcorregidora.gob.mx\/new\/wp-json\/wp\/v2\/pages\/1149","targetHints":{"allow":["GET"]}}],"collection":[{"href":"https:\/\/difcorregidora.gob.mx\/new\/wp-json\/wp\/v2\/pages"}],"about":[{"href":"https:\/\/difcorregidora.gob.mx\/new\/wp-json\/wp\/v2\/types\/page"}],"author":[{"embeddable":true,"href":"https:\/\/difcorregidora.gob.mx\/new\/wp-json\/wp\/v2\/users\/1"}],"replies":[{"embeddable":true,"href":"https:\/\/difcorregidora.gob.mx\/new\/wp-json\/wp\/v2\/comments?post=1149"}],"version-history":[{"count":4,"href":"https:\/\/difcorregidora.gob.mx\/new\/wp-json\/wp\/v2\/pages\/1149\/revisions"}],"predecessor-version":[{"id":1154,"href":"https:\/\/difcorregidora.gob.mx\/new\/wp-json\/wp\/v2\/pages\/1149\/revisions\/1154"}],"wp:attachment":[{"href":"https:\/\/difcorregidora.gob.mx\/new\/wp-json\/wp\/v2\/media?parent=1149"}],"curies":[{"name":"wp","href":"https:\/\/api.w.org\/{rel}","templated":true}]}}