{"id":1158,"date":"2024-08-16T09:39:41","date_gmt":"2024-08-16T15:39:41","guid":{"rendered":"https:\/\/www.difcorregidora.gob.mx\/new\/?page_id=1158"},"modified":"2024-08-16T09:39:41","modified_gmt":"2024-08-16T15:39:41","slug":"santa-barbara","status":"publish","type":"page","link":"https:\/\/difcorregidora.gob.mx\/new\/santa-barbara\/","title":{"rendered":"Santa B\u00e1rbara"},"content":{"rendered":"\n<div style=\"height:100px\" aria-hidden=\"true\" class=\"wp-block-spacer\"><\/div>\n\n\n<p><img loading=\"lazy\" decoding=\"async\" class=\"wp-image-1122 size-medium aligncenter\" src=\"https:\/\/www.difcorregidora.gob.mx\/new\/wp-content\/uploads\/2024\/08\/santa_barbara-300x150.png\" alt=\"\" width=\"300\" height=\"150\" srcset=\"https:\/\/difcorregidora.gob.mx\/new\/wp-content\/uploads\/2024\/08\/santa_barbara-300x150.png 300w, https:\/\/difcorregidora.gob.mx\/new\/wp-content\/uploads\/2024\/08\/santa_barbara.png 400w\" sizes=\"auto, (max-width: 300px) 100vw, 300px\" \/><\/p>\n<h3 style=\"text-align: center;\">Encargada de Polo<\/h3>\n<h6 style=\"text-align: center;\">Ana Laura L\u00e1zaro Casas<\/h6>\n<p style=\"text-align: center;\">Horarios<\/p>\n<p style=\"text-align: center;\">08:00 a 16:00<\/p>\n<p style=\"text-align: center;\"><a href=\"https:\/\/www.difcorregidora.gob.mx\/archivos\/2024\/POLOS\/SANTA BARBARA\/11\/SANTA BARBARA.pdf\"><img loading=\"lazy\" decoding=\"async\" class=\"alignnone wp-image-1139\" src=\"https:\/\/www.difcorregidora.gob.mx\/new\/wp-content\/uploads\/2024\/08\/boton2-300x300.png\" alt=\"\" width=\"50\" height=\"50\" srcset=\"https:\/\/difcorregidora.gob.mx\/new\/wp-content\/uploads\/2024\/08\/boton2-300x300.png 300w, https:\/\/difcorregidora.gob.mx\/new\/wp-content\/uploads\/2024\/08\/boton2-150x150.png 150w, https:\/\/difcorregidora.gob.mx\/new\/wp-content\/uploads\/2024\/08\/boton2-375x375.png 375w, https:\/\/difcorregidora.gob.mx\/new\/wp-content\/uploads\/2024\/08\/boton2.png 600w\" sizes=\"auto, (max-width: 50px) 100vw, 50px\" \/><\/a><\/p>\n<p style=\"text-align: center;\">Direcci\u00f3n: Calle Luis Echeverria No.53, esquina Calle Guadalupe Victoria<\/p>\n<p style=\"text-align: center;\">Col. Santa B\u00e1rbara, Corregidora, C.P. 76907<\/p>\n<p style=\"text-align: center;\">Tel\u00e9fono Personal: 442-131-4727<\/p>\n<p style=\"text-align: center;\"><a href=\"https:\/\/www.difcorregidora.gob.mx\/archivos\/2021\/portaldif2021\/privacidad\/progsociales.pdf\">Aviso de Privacidad<\/a><\/p>","protected":false},"excerpt":{"rendered":"<p>Encargada de Polo Ana Laura L\u00e1zaro Casas Horarios 08:00 a 16:00 Direcci\u00f3n: Calle Luis Echeverria No.53, esquina Calle Guadalupe Victoria Col. Santa B\u00e1rbara, Corregidora, C.P. 76907 Tel\u00e9fono Personal: 442-131-4727 Aviso [&hellip;]<\/p>\n","protected":false},"author":1,"featured_media":0,"parent":0,"menu_order":0,"comment_status":"closed","ping_status":"closed","template":"","meta":{"footnotes":""},"class_list":["post-1158","page","type-page","status-publish","hentry"],"_links":{"self":[{"href":"https:\/\/difcorregidora.gob.mx\/new\/wp-json\/wp\/v2\/pages\/1158","targetHints":{"allow":["GET"]}}],"collection":[{"href":"https:\/\/difcorregidora.gob.mx\/new\/wp-json\/wp\/v2\/pages"}],"about":[{"href":"https:\/\/difcorregidora.gob.mx\/new\/wp-json\/wp\/v2\/types\/page"}],"author":[{"embeddable":true,"href":"https:\/\/difcorregidora.gob.mx\/new\/wp-json\/wp\/v2\/users\/1"}],"replies":[{"embeddable":true,"href":"https:\/\/difcorregidora.gob.mx\/new\/wp-json\/wp\/v2\/comments?post=1158"}],"version-history":[{"count":1,"href":"https:\/\/difcorregidora.gob.mx\/new\/wp-json\/wp\/v2\/pages\/1158\/revisions"}],"predecessor-version":[{"id":1159,"href":"https:\/\/difcorregidora.gob.mx\/new\/wp-json\/wp\/v2\/pages\/1158\/revisions\/1159"}],"wp:attachment":[{"href":"https:\/\/difcorregidora.gob.mx\/new\/wp-json\/wp\/v2\/media?parent=1158"}],"curies":[{"name":"wp","href":"https:\/\/api.w.org\/{rel}","templated":true}]}}