{"id":1164,"date":"2024-08-16T09:53:25","date_gmt":"2024-08-16T15:53:25","guid":{"rendered":"https:\/\/www.difcorregidora.gob.mx\/new\/?page_id=1164"},"modified":"2024-08-16T10:00:58","modified_gmt":"2024-08-16T16:00:58","slug":"el-jaral","status":"publish","type":"page","link":"https:\/\/difcorregidora.gob.mx\/new\/el-jaral\/","title":{"rendered":"El Jaral"},"content":{"rendered":"\n<div style=\"height:100px\" aria-hidden=\"true\" class=\"wp-block-spacer\"><\/div>\n\n\n<p><img loading=\"lazy\" decoding=\"async\" class=\"wp-image-1120 size-medium aligncenter\" src=\"https:\/\/www.difcorregidora.gob.mx\/new\/wp-content\/uploads\/2024\/08\/jaral-300x150.png\" alt=\"\" width=\"300\" height=\"150\" srcset=\"https:\/\/difcorregidora.gob.mx\/new\/wp-content\/uploads\/2024\/08\/jaral-300x150.png 300w, https:\/\/difcorregidora.gob.mx\/new\/wp-content\/uploads\/2024\/08\/jaral.png 400w\" sizes=\"auto, (max-width: 300px) 100vw, 300px\" \/><\/p>\n<h3 style=\"text-align: center;\">Encargada de Polo<\/h3>\n<h6 style=\"text-align: center;\">Amelia Jim\u00e9nez Rodr\u00edguez<\/h6>\n<p style=\"text-align: center;\">Horarios<\/p>\n<p style=\"text-align: center;\">09:00 a 17:00<\/p>\n<p style=\"text-align: center;\"><a href=\"https:\/\/www.difcorregidora.gob.mx\/archivos\/2024\/POLOS\/EL JARAL\/11\/EL JARAL.pdf\"><img loading=\"lazy\" decoding=\"async\" class=\"alignnone wp-image-1139\" src=\"https:\/\/www.difcorregidora.gob.mx\/new\/wp-content\/uploads\/2024\/08\/boton2-300x300.png\" alt=\"\" width=\"50\" height=\"50\" srcset=\"https:\/\/difcorregidora.gob.mx\/new\/wp-content\/uploads\/2024\/08\/boton2-300x300.png 300w, https:\/\/difcorregidora.gob.mx\/new\/wp-content\/uploads\/2024\/08\/boton2-150x150.png 150w, https:\/\/difcorregidora.gob.mx\/new\/wp-content\/uploads\/2024\/08\/boton2-375x375.png 375w, https:\/\/difcorregidora.gob.mx\/new\/wp-content\/uploads\/2024\/08\/boton2.png 600w\" sizes=\"auto, (max-width: 50px) 100vw, 50px\" \/><\/a><\/p>\n<p style=\"text-align: center;\">Direcci\u00f3n: Conocido sin n\u00famero, (Antes de la casa de la Mujer)<\/p>\n<p style=\"text-align: center;\">Col. El Jara, Corregidora, C.P. 76926<\/p>\n<p style=\"text-align: center;\">Tel\u00e9fono Personal: 442-555-8731<\/p>\n<p style=\"text-align: center;\"><a href=\"https:\/\/www.difcorregidora.gob.mx\/archivos\/2021\/portaldif2021\/privacidad\/progsociales.pdf\">Aviso de Privacidad<\/a><\/p>","protected":false},"excerpt":{"rendered":"<p>Encargada de Polo Amelia Jim\u00e9nez Rodr\u00edguez Horarios 09:00 a 17:00 Direcci\u00f3n: Conocido sin n\u00famero, (Antes de la casa de la Mujer) Col. El Jara, Corregidora, C.P. 76926 Tel\u00e9fono Personal: 442-555-8731 [&hellip;]<\/p>\n","protected":false},"author":1,"featured_media":0,"parent":0,"menu_order":0,"comment_status":"closed","ping_status":"closed","template":"","meta":{"footnotes":""},"class_list":["post-1164","page","type-page","status-publish","hentry"],"_links":{"self":[{"href":"https:\/\/difcorregidora.gob.mx\/new\/wp-json\/wp\/v2\/pages\/1164","targetHints":{"allow":["GET"]}}],"collection":[{"href":"https:\/\/difcorregidora.gob.mx\/new\/wp-json\/wp\/v2\/pages"}],"about":[{"href":"https:\/\/difcorregidora.gob.mx\/new\/wp-json\/wp\/v2\/types\/page"}],"author":[{"embeddable":true,"href":"https:\/\/difcorregidora.gob.mx\/new\/wp-json\/wp\/v2\/users\/1"}],"replies":[{"embeddable":true,"href":"https:\/\/difcorregidora.gob.mx\/new\/wp-json\/wp\/v2\/comments?post=1164"}],"version-history":[{"count":2,"href":"https:\/\/difcorregidora.gob.mx\/new\/wp-json\/wp\/v2\/pages\/1164\/revisions"}],"predecessor-version":[{"id":1170,"href":"https:\/\/difcorregidora.gob.mx\/new\/wp-json\/wp\/v2\/pages\/1164\/revisions\/1170"}],"wp:attachment":[{"href":"https:\/\/difcorregidora.gob.mx\/new\/wp-json\/wp\/v2\/media?parent=1164"}],"curies":[{"name":"wp","href":"https:\/\/api.w.org\/{rel}","templated":true}]}}