{"id":1167,"date":"2024-08-16T09:59:27","date_gmt":"2024-08-16T15:59:27","guid":{"rendered":"https:\/\/www.difcorregidora.gob.mx\/new\/?page_id=1167"},"modified":"2024-08-16T09:59:27","modified_gmt":"2024-08-16T15:59:27","slug":"venceremos","status":"publish","type":"page","link":"https:\/\/difcorregidora.gob.mx\/new\/venceremos\/","title":{"rendered":"Venceremos"},"content":{"rendered":"\n<div style=\"height:100px\" aria-hidden=\"true\" class=\"wp-block-spacer\"><\/div>\n\n\n<p><img loading=\"lazy\" decoding=\"async\" class=\"wp-image-1123 size-medium aligncenter\" src=\"https:\/\/www.difcorregidora.gob.mx\/new\/wp-content\/uploads\/2024\/08\/venceremos-300x150.png\" alt=\"\" width=\"300\" height=\"150\" srcset=\"https:\/\/difcorregidora.gob.mx\/new\/wp-content\/uploads\/2024\/08\/venceremos-300x150.png 300w, https:\/\/difcorregidora.gob.mx\/new\/wp-content\/uploads\/2024\/08\/venceremos.png 400w\" sizes=\"auto, (max-width: 300px) 100vw, 300px\" \/><\/p>\n<h3 style=\"text-align: center;\">Encargada de Polo<\/h3>\n<h6 style=\"text-align: center;\">Blanca Griselda Hern\u00e1ndez Silva<\/h6>\n<p style=\"text-align: center;\">Horarios<\/p>\n<p style=\"text-align: center;\">08:00 a 16:00<\/p>\n<p style=\"text-align: center;\"><a href=\"https:\/\/www.difcorregidora.gob.mx\/archivos\/2024\/POLOS\/VENCEREMOS\/11\/VENCEREMOS.pdf\"><img loading=\"lazy\" decoding=\"async\" class=\"alignnone wp-image-1139\" src=\"https:\/\/www.difcorregidora.gob.mx\/new\/wp-content\/uploads\/2024\/08\/boton2-300x300.png\" alt=\"\" width=\"50\" height=\"50\" srcset=\"https:\/\/difcorregidora.gob.mx\/new\/wp-content\/uploads\/2024\/08\/boton2-300x300.png 300w, https:\/\/difcorregidora.gob.mx\/new\/wp-content\/uploads\/2024\/08\/boton2-150x150.png 150w, https:\/\/difcorregidora.gob.mx\/new\/wp-content\/uploads\/2024\/08\/boton2-375x375.png 375w, https:\/\/difcorregidora.gob.mx\/new\/wp-content\/uploads\/2024\/08\/boton2.png 600w\" sizes=\"auto, (max-width: 50px) 100vw, 50px\" \/><\/a><\/p>\n<p style=\"text-align: center;\">Direcci\u00f3n: Calle del derecho No.1, esquina Federalismo<\/p>\n<p style=\"text-align: center;\">Col. Venceremos, Corregidora, C.P. 76903<\/p>\n<p style=\"text-align: center;\">Tel\u00e9fono Personal: 442-872-7921<\/p>\n<p style=\"text-align: center;\"><a href=\"https:\/\/www.difcorregidora.gob.mx\/archivos\/2021\/portaldif2021\/privacidad\/progsociales.pdf\">Aviso de Privacidad<\/a><\/p>","protected":false},"excerpt":{"rendered":"<p>Encargada de Polo Blanca Griselda Hern\u00e1ndez Silva Horarios 08:00 a 16:00 Direcci\u00f3n: Calle del derecho No.1, esquina Federalismo Col. Venceremos, Corregidora, C.P. 76903 Tel\u00e9fono Personal: 442-872-7921 Aviso de Privacidad<\/p>\n","protected":false},"author":1,"featured_media":0,"parent":0,"menu_order":0,"comment_status":"closed","ping_status":"closed","template":"","meta":{"footnotes":""},"class_list":["post-1167","page","type-page","status-publish","hentry"],"_links":{"self":[{"href":"https:\/\/difcorregidora.gob.mx\/new\/wp-json\/wp\/v2\/pages\/1167","targetHints":{"allow":["GET"]}}],"collection":[{"href":"https:\/\/difcorregidora.gob.mx\/new\/wp-json\/wp\/v2\/pages"}],"about":[{"href":"https:\/\/difcorregidora.gob.mx\/new\/wp-json\/wp\/v2\/types\/page"}],"author":[{"embeddable":true,"href":"https:\/\/difcorregidora.gob.mx\/new\/wp-json\/wp\/v2\/users\/1"}],"replies":[{"embeddable":true,"href":"https:\/\/difcorregidora.gob.mx\/new\/wp-json\/wp\/v2\/comments?post=1167"}],"version-history":[{"count":1,"href":"https:\/\/difcorregidora.gob.mx\/new\/wp-json\/wp\/v2\/pages\/1167\/revisions"}],"predecessor-version":[{"id":1168,"href":"https:\/\/difcorregidora.gob.mx\/new\/wp-json\/wp\/v2\/pages\/1167\/revisions\/1168"}],"wp:attachment":[{"href":"https:\/\/difcorregidora.gob.mx\/new\/wp-json\/wp\/v2\/media?parent=1167"}],"curies":[{"name":"wp","href":"https:\/\/api.w.org\/{rel}","templated":true}]}}