{"id":1171,"date":"2024-08-16T13:04:21","date_gmt":"2024-08-16T19:04:21","guid":{"rendered":"https:\/\/www.difcorregidora.gob.mx\/new\/?page_id=1171"},"modified":"2025-02-27T16:09:38","modified_gmt":"2025-02-27T22:09:38","slug":"programas-sociales","status":"publish","type":"page","link":"https:\/\/difcorregidora.gob.mx\/new\/programas-sociales\/","title":{"rendered":"Programas Sociales"},"content":{"rendered":"\n<div style=\"height:235px\" aria-hidden=\"true\" class=\"wp-block-spacer\"><\/div>\n\n\n<h2 style=\"text-align: center;\">Programas Sociales<\/h2>\n<h4><strong>Misi\u00f3n del Organismo<\/strong><\/h4>\n<pre style=\"text-align: left;\">Implementar acciones que promuevan el desarrollo humano y la integraci\u00f3n familiar<br \/>de personas en situaci\u00f3n vulnerable en el Municipio de Corregidora, a trav\u00e9s de <br \/>programas enfocados directamente a sus necesidades.<\/pre>\n<h4><strong>Visi\u00f3n del Organismo<\/strong><\/h4>\n<pre>Ser un Organismo P\u00fablico de referente nacional, generador de oportunidades para el desarrollo<br \/>integral de las personas en situaci\u00f3n vulnerable, a trav\u00e9s de programas y estrategias preventivas<br \/>y formativas encausadas al fortalecimiento del tejido social, mediante el trabajo de un equipo <br \/>profesional capacitado y con sentido humano, que promueva valores y acciones que contribuyan a <br \/>mejorar la calidad de vida de la comunidad del Municipio de Corregidora\u200b.<br \/><br \/><br \/><br \/><\/pre>\n<p><a href=\"https:\/\/www.difcorregidora.gob.mx\/new\/asistencia-social\/\"><img loading=\"lazy\" decoding=\"async\" class=\"wp-image-38  aligncenter\" src=\"https:\/\/www.difcorregidora.gob.mx\/new\/wp-content\/uploads\/2024\/01\/asist_socIAL280X300.png\" alt=\"\" width=\"208\" height=\"223\" \/><\/a> <img loading=\"lazy\" decoding=\"async\" class=\"wp-image-37  aligncenter\" src=\"https:\/\/www.difcorregidora.gob.mx\/new\/wp-content\/uploads\/2024\/01\/adulto_mayor280X300.png\" alt=\"\" width=\"209\" height=\"224\" \/><\/p>\n<p><a href=\"https:\/\/www.difcorregidora.gob.mx\/new\/polos-de-desarrollo\/\"><img loading=\"lazy\" decoding=\"async\" class=\"wp-image-39  aligncenter\" src=\"https:\/\/www.difcorregidora.gob.mx\/new\/wp-content\/uploads\/2024\/01\/desarrollo_comun280X300.png\" alt=\"\" width=\"209\" height=\"224\" \/><\/a> <img loading=\"lazy\" decoding=\"async\" class=\"wp-image-40  aligncenter\" src=\"https:\/\/www.difcorregidora.gob.mx\/new\/wp-content\/uploads\/2024\/01\/prog_alimenta280X300.png\" alt=\"\" width=\"209\" height=\"224\" \/><\/p>\n\n\n<p><\/p>\n","protected":false},"excerpt":{"rendered":"<p>Programas Sociales Misi\u00f3n del Organismo Implementar acciones que promuevan el desarrollo humano y la integraci\u00f3n familiarde personas en situaci\u00f3n vulnerable en el Municipio de Corregidora, a trav\u00e9s de programas enfocados [&hellip;]<\/p>\n","protected":false},"author":1,"featured_media":0,"parent":0,"menu_order":0,"comment_status":"closed","ping_status":"closed","template":"","meta":{"footnotes":""},"class_list":["post-1171","page","type-page","status-publish","hentry"],"_links":{"self":[{"href":"https:\/\/difcorregidora.gob.mx\/new\/wp-json\/wp\/v2\/pages\/1171","targetHints":{"allow":["GET"]}}],"collection":[{"href":"https:\/\/difcorregidora.gob.mx\/new\/wp-json\/wp\/v2\/pages"}],"about":[{"href":"https:\/\/difcorregidora.gob.mx\/new\/wp-json\/wp\/v2\/types\/page"}],"author":[{"embeddable":true,"href":"https:\/\/difcorregidora.gob.mx\/new\/wp-json\/wp\/v2\/users\/1"}],"replies":[{"embeddable":true,"href":"https:\/\/difcorregidora.gob.mx\/new\/wp-json\/wp\/v2\/comments?post=1171"}],"version-history":[{"count":11,"href":"https:\/\/difcorregidora.gob.mx\/new\/wp-json\/wp\/v2\/pages\/1171\/revisions"}],"predecessor-version":[{"id":1642,"href":"https:\/\/difcorregidora.gob.mx\/new\/wp-json\/wp\/v2\/pages\/1171\/revisions\/1642"}],"wp:attachment":[{"href":"https:\/\/difcorregidora.gob.mx\/new\/wp-json\/wp\/v2\/media?parent=1171"}],"curies":[{"name":"wp","href":"https:\/\/api.w.org\/{rel}","templated":true}]}}