{"id":1173,"date":"2024-08-16T13:10:52","date_gmt":"2024-08-16T19:10:52","guid":{"rendered":"https:\/\/www.difcorregidora.gob.mx\/new\/?page_id=1173"},"modified":"2025-05-19T16:03:59","modified_gmt":"2025-05-19T22:03:59","slug":"asistencia-social","status":"publish","type":"page","link":"https:\/\/difcorregidora.gob.mx\/new\/asistencia-social\/","title":{"rendered":"Asistencia Social"},"content":{"rendered":"\n<div style=\"height:100px\" aria-hidden=\"true\" class=\"wp-block-spacer\"><\/div>\n\n\n<div class=\"panel-heading\">\n<h3 class=\"wow animated\" style=\"text-align: center;\"><strong>Jornada Cambiando Vidas<\/strong><\/h3>\n<\/div>\n<div class=\"panel-body\">\n<div class=\"container text-black text-justify\">\n<p>Acercamos a las comunidades los servicios que presta el Sistema Municipal DIF y realizamos acciones de salud enfocadas a la prevenci\u00f3n y detecci\u00f3n de enfermedades en zonas de vulnerabilidad, en donde entregamos despensas con productos no perecederos de la canasta b\u00e1sica para contribuir a una buena alimentaci\u00f3n y mejorar el estado de nutrici\u00f3n de las familias de Corregidora.<\/p>\n<p>\u00a0<\/p>\n<\/div>\n<div class=\"container text-black text-justify\">\n<h3 style=\"text-align: center;\"><strong>Lentes y Auxiliares Auditivos<\/strong><\/h3>\n<p>Dirigido a personas con alg\u00fan problema de agudeza visual y a pacientes con alguna discapacidad que les genera la disminuci\u00f3n o nula audici\u00f3n.<\/p>\n<p>\u00a0<\/p>\n<\/div>\n<div class=\"container text-black text-justify\">\n<h3 style=\"text-align: center;\"><strong>Otros programas y acciones<\/strong><\/h3>\n<p>Apoyos con medicamentos, con pa\u00f1ales para personas adultas mayores, ni\u00f1os y personas con discapacidad, apoyos funcionales (aparatos ortop\u00e9dicos), campa\u00f1a de Pr\u00f3tesis Dental, Feria de Salud.<\/p>\n<p>\u00a0<\/p>\n<\/div>\n<div class=\"container text-black text-justify\">\n<h3 style=\"text-align: center;\"><strong>Jornada MAC<\/strong><\/h3>\n<p>Taller de Salud Bucal para Pacientes con Discapacidad, mastograf\u00edas Grupo Reto, Campa\u00f1a Ultrasonidos Grupo Reto, vacunaci\u00f3n para personas adultas mayores y grupos vulnerables y valoraciones del personal del SMDIF Corregidora.<\/p>\n<\/div>\n<div class=\"container text-black text-justify\">\n<h3 style=\"text-align: center;\"><strong>Unidad M\u00e9dica M\u00f3vil<\/strong><\/h3>\n<p>Proporciona atenci\u00f3n m\u00e9dica de\u00a0primer nivel, preferentemente a la poblaci\u00f3n menos favorecida, carente de los servicios de seguridad social, en diversas comunidades del municipio, ofreciendo:<\/p>\n<\/div>\n<div class=\"container text-black\">\n<ul>\n<li>Un diagn\u00f3stico oportuno.<\/li>\n<li>Canalizaci\u00f3n a instituciones.<\/li>\n<li>Asesor\u00eda para que el paciente conozca sus derechos en la instituci\u00f3n de salud que los atiende.<\/li>\n<li>Consulta odontol\u00f3gica ofreciendo revisi\u00f3n bucal.<\/li>\n<li>Detecci\u00f3n de placa dento-bacteriana.<\/li>\n<li>T\u00e9cnica de cepillado.<\/li>\n<li>Aplicaci\u00f3n de fl\u00faor.<\/li>\n<li>Revisi\u00f3n de tejidos bucales.<\/li>\n<li>Resinas.<\/li>\n<li>Amalgamas.<\/li>\n<li>Exodoncias.<\/li>\n<li>Drenaje de abscesos.<\/li>\n<li>Pr\u00f3tesis dentales.<\/li>\n<li>Taller de salud bucal<\/li>\n<\/ul>\n<\/div>\n<\/div>\n\n\n<div style=\"height:31px\" aria-hidden=\"true\" class=\"wp-block-spacer\"><\/div>\n\n\n\n<h5 class=\"wp-block-heading has-text-align-center\"><em><a href=\"https:\/\/www.difcorregidora.gob.mx\/new\/convocatoria\/\" target=\"_blank\" rel=\"noreferrer noopener\">Convocatoria Donatarias Autorizadas.<\/a><\/em><\/h5>\n","protected":false},"excerpt":{"rendered":"<p>Jornada Cambiando Vidas Acercamos a las comunidades los servicios que presta el Sistema Municipal DIF y realizamos acciones de salud enfocadas a la prevenci\u00f3n y detecci\u00f3n de enfermedades en zonas [&hellip;]<\/p>\n","protected":false},"author":1,"featured_media":0,"parent":0,"menu_order":0,"comment_status":"closed","ping_status":"closed","template":"","meta":{"footnotes":""},"class_list":["post-1173","page","type-page","status-publish","hentry"],"_links":{"self":[{"href":"https:\/\/difcorregidora.gob.mx\/new\/wp-json\/wp\/v2\/pages\/1173","targetHints":{"allow":["GET"]}}],"collection":[{"href":"https:\/\/difcorregidora.gob.mx\/new\/wp-json\/wp\/v2\/pages"}],"about":[{"href":"https:\/\/difcorregidora.gob.mx\/new\/wp-json\/wp\/v2\/types\/page"}],"author":[{"embeddable":true,"href":"https:\/\/difcorregidora.gob.mx\/new\/wp-json\/wp\/v2\/users\/1"}],"replies":[{"embeddable":true,"href":"https:\/\/difcorregidora.gob.mx\/new\/wp-json\/wp\/v2\/comments?post=1173"}],"version-history":[{"count":6,"href":"https:\/\/difcorregidora.gob.mx\/new\/wp-json\/wp\/v2\/pages\/1173\/revisions"}],"predecessor-version":[{"id":1849,"href":"https:\/\/difcorregidora.gob.mx\/new\/wp-json\/wp\/v2\/pages\/1173\/revisions\/1849"}],"wp:attachment":[{"href":"https:\/\/difcorregidora.gob.mx\/new\/wp-json\/wp\/v2\/media?parent=1173"}],"curies":[{"name":"wp","href":"https:\/\/api.w.org\/{rel}","templated":true}]}}