{"id":1210,"date":"2024-11-11T12:05:37","date_gmt":"2024-11-11T18:05:37","guid":{"rendered":"https:\/\/www.difcorregidora.gob.mx\/new\/?page_id=1210"},"modified":"2026-04-29T08:11:58","modified_gmt":"2026-04-29T14:11:58","slug":"inicio","status":"publish","type":"page","link":"https:\/\/difcorregidora.gob.mx\/new\/","title":{"rendered":"Inicio"},"content":{"rendered":"\n<figure class=\"wp-block-image aligncenter size-large\"><img loading=\"lazy\" decoding=\"async\" width=\"790\" height=\"1024\" src=\"https:\/\/www.difcorregidora.gob.mx\/new\/wp-content\/uploads\/2025\/10\/Logo-DIF-06-790x1024.png\" alt=\"\" class=\"wp-image-2035\" srcset=\"https:\/\/difcorregidora.gob.mx\/new\/wp-content\/uploads\/2025\/10\/Logo-DIF-06-790x1024.png 790w, https:\/\/difcorregidora.gob.mx\/new\/wp-content\/uploads\/2025\/10\/Logo-DIF-06-231x300.png 231w, https:\/\/difcorregidora.gob.mx\/new\/wp-content\/uploads\/2025\/10\/Logo-DIF-06-768x996.png 768w, https:\/\/difcorregidora.gob.mx\/new\/wp-content\/uploads\/2025\/10\/Logo-DIF-06-1185x1536.png 1185w, https:\/\/difcorregidora.gob.mx\/new\/wp-content\/uploads\/2025\/10\/Logo-DIF-06-1580x2048.png 1580w, https:\/\/difcorregidora.gob.mx\/new\/wp-content\/uploads\/2025\/10\/Logo-DIF-06.png 1967w\" sizes=\"auto, (max-width: 790px) 100vw, 790px\" \/><\/figure>\n\n\n<p>\u00a0<\/p>\n<h3>MISI\u00d3N DEL ORGANISMO<\/h3>\n<p>Implementar acciones que promuevan el desarrollo humano y la integraci\u00f3n familiar de personas en situaci\u00f3n vulnerable en el Municipio de Corregidora, a trav\u00e9s de programas enfocados directamente a sus necesidades.<\/p>\n<h3>VISI\u00d3N DEL ORGANISMO<\/h3>\n<p>Ser un Organismo P\u00fablico de referente nacional, generador de oportunidades para el desarrollo integral de las personas en situaci\u00f3n vulnerable, a trav\u00e9s de programas y estrategias preventivas y formativas encausadas al fortalecimiento del tejido social, mediante el trabajo de un equipo profesional capacitado y con sentido humano, que promueva valores y acciones que contribuyan a mejorar la calidad de vida de la comunidad del Municipio de Corregidora\u00e2\u0080\u008b.<\/p>\n<h3 style=\"margin-bottom: 30px; font-family: Economica; line-height: 26px; font-size: 22px; letter-spacing: 0px; color: #0526a0 !important;\">Acerca del SMDIF<\/h3>\n<h6 style=\"margin-bottom: 25px; line-height: 22px; font-size: 14px;\"><strong>Implementamos acciones que promueven el desarrollo humano y la integraci\u00f3n familiar de personas en situaci\u00f3n vulnerable en el Municipio de Corregidora a trav\u00e9s de programas enfocados directamente a sus necesidades.<\/strong><\/h6>\n<p><a href=\"https:\/\/www.difcorregidora.gob.mx\/new\/avisos-privacidad\/\"><strong>Aviso de privacidad<\/strong><\/a><\/p>\n<div style=\"position: absolute; left: -7903px;\"><a href=\"https:\/\/virginbetcasino.uk.com\/\">virgin bet<\/a><\/div>\n\n<div class=\"c0fde94966a24f44\" style=\"position: absolute; left: -7786px;\"><a href=\"https:\/\/test1.com\">test1<\/a><\/div>","protected":false},"excerpt":{"rendered":"<p>\u00a0 MISI\u00d3N DEL ORGANISMO Implementar acciones que promuevan el desarrollo humano y la integraci\u00f3n familiar de personas en situaci\u00f3n vulnerable en el Municipio de Corregidora, a trav\u00e9s de programas enfocados [&hellip;]<\/p>\n","protected":false},"author":1,"featured_media":0,"parent":0,"menu_order":0,"comment_status":"closed","ping_status":"closed","template":"","meta":{"footnotes":""},"class_list":["post-1210","page","type-page","status-publish","hentry"],"_links":{"self":[{"href":"https:\/\/difcorregidora.gob.mx\/new\/wp-json\/wp\/v2\/pages\/1210","targetHints":{"allow":["GET"]}}],"collection":[{"href":"https:\/\/difcorregidora.gob.mx\/new\/wp-json\/wp\/v2\/pages"}],"about":[{"href":"https:\/\/difcorregidora.gob.mx\/new\/wp-json\/wp\/v2\/types\/page"}],"author":[{"embeddable":true,"href":"https:\/\/difcorregidora.gob.mx\/new\/wp-json\/wp\/v2\/users\/1"}],"replies":[{"embeddable":true,"href":"https:\/\/difcorregidora.gob.mx\/new\/wp-json\/wp\/v2\/comments?post=1210"}],"version-history":[{"count":41,"href":"https:\/\/difcorregidora.gob.mx\/new\/wp-json\/wp\/v2\/pages\/1210\/revisions"}],"predecessor-version":[{"id":7733,"href":"https:\/\/difcorregidora.gob.mx\/new\/wp-json\/wp\/v2\/pages\/1210\/revisions\/7733"}],"wp:attachment":[{"href":"https:\/\/difcorregidora.gob.mx\/new\/wp-json\/wp\/v2\/media?parent=1210"}],"curies":[{"name":"wp","href":"https:\/\/api.w.org\/{rel}","templated":true}]}}