{"id":963,"date":"2024-08-07T16:12:10","date_gmt":"2024-08-07T22:12:10","guid":{"rendered":"https:\/\/www.difcorregidora.gob.mx\/new\/?page_id=963"},"modified":"2025-01-15T11:19:53","modified_gmt":"2025-01-15T17:19:53","slug":"fraccxlivcatalogo1-2024","status":"publish","type":"page","link":"https:\/\/difcorregidora.gob.mx\/new\/fraccxlivcatalogo1-2024\/","title":{"rendered":"FraccXLIVCatalogo1-2024"},"content":{"rendered":"\n<div style=\"height:100px\" aria-hidden=\"true\" class=\"wp-block-spacer\"><\/div>\n\n\n\n<hr class=\"wp-block-separator has-alpha-channel-opacity\"\/>\n\n\n\n<div style=\"height:42px\" aria-hidden=\"true\" class=\"wp-block-spacer\"><\/div>\n\n\n\n<h6 class=\"wp-block-heading has-text-align-center\">Fracc. XLIV &#8211; Cat\u00e1logo de disposici\u00f3n y gu\u00eda de archivo documental<\/h6>\n\n\n\n<div class=\"wp-block-buttons is-vertical is-content-justification-center is-layout-flex wp-container-core-buttons-is-layout-ce155fab wp-block-buttons-is-layout-flex\">\n<div class=\"wp-block-button\"><a class=\"wp-block-button__link has-white-color has-ast-global-color-0-background-color has-text-color has-background has-link-color wp-element-button\" href=\"https:\/\/difcorregidora.gob.mx\/archivos\/2024\/transparencia\/art66\/1T\/XLIV\/a\/LTAIPEQArt66FraccXLIVA.xlsx\" target=\"_blank\" rel=\"noreferrer noopener\">Inventarios documentales<\/a><\/div>\n\n\n\n<div class=\"wp-block-button\"><a class=\"wp-block-button__link has-white-color has-ast-global-color-0-background-color has-text-color has-background has-link-color wp-element-button\" href=\"https:\/\/difcorregidora.gob.mx\/archivos\/2024\/transparencia\/art66\/2T\/XLIV\/B\/LTAIPEQArt66FraccXLIVB.xlsx\" target=\"_blank\" rel=\"noreferrer noopener\">\u00cdndice de expedientes clasificados como reservados<\/a><\/div>\n\n\n\n<div class=\"wp-block-button\"><a class=\"wp-block-button__link has-white-color has-ast-global-color-0-background-color has-text-color has-background has-link-color wp-element-button\" href=\"https:\/\/difcorregidora.gob.mx\/archivos\/2024\/transparencia\/art66\/2T\/XLIV\/C\/LTAIPEQArt66FraccXLIVC.xlsx\" target=\"_blank\" rel=\"noreferrer noopener\">Cuadro general de clasificaci\u00f3n archiv\u00edstica<\/a><\/div>\n<\/div>\n\n\n\n<p><\/p>\n","protected":false},"excerpt":{"rendered":"<p>Fracc. XLIV &#8211; Cat\u00e1logo de disposici\u00f3n y gu\u00eda de archivo documental<\/p>\n","protected":false},"author":1,"featured_media":0,"parent":0,"menu_order":0,"comment_status":"closed","ping_status":"closed","template":"","meta":{"footnotes":""},"class_list":["post-963","page","type-page","status-publish","hentry"],"_links":{"self":[{"href":"https:\/\/difcorregidora.gob.mx\/new\/wp-json\/wp\/v2\/pages\/963","targetHints":{"allow":["GET"]}}],"collection":[{"href":"https:\/\/difcorregidora.gob.mx\/new\/wp-json\/wp\/v2\/pages"}],"about":[{"href":"https:\/\/difcorregidora.gob.mx\/new\/wp-json\/wp\/v2\/types\/page"}],"author":[{"embeddable":true,"href":"https:\/\/difcorregidora.gob.mx\/new\/wp-json\/wp\/v2\/users\/1"}],"replies":[{"embeddable":true,"href":"https:\/\/difcorregidora.gob.mx\/new\/wp-json\/wp\/v2\/comments?post=963"}],"version-history":[{"count":3,"href":"https:\/\/difcorregidora.gob.mx\/new\/wp-json\/wp\/v2\/pages\/963\/revisions"}],"predecessor-version":[{"id":1421,"href":"https:\/\/difcorregidora.gob.mx\/new\/wp-json\/wp\/v2\/pages\/963\/revisions\/1421"}],"wp:attachment":[{"href":"https:\/\/difcorregidora.gob.mx\/new\/wp-json\/wp\/v2\/media?parent=963"}],"curies":[{"name":"wp","href":"https:\/\/api.w.org\/{rel}","templated":true}]}}