{"id":977,"date":"2024-08-08T10:07:08","date_gmt":"2024-08-08T16:07:08","guid":{"rendered":"https:\/\/www.difcorregidora.gob.mx\/new\/?page_id=977"},"modified":"2024-08-08T10:07:08","modified_gmt":"2024-08-08T16:07:08","slug":"fraccxlviiinformacion2-2024","status":"publish","type":"page","link":"https:\/\/difcorregidora.gob.mx\/new\/fraccxlviiinformacion2-2024\/","title":{"rendered":"FraccXLVIIinformaci\u00f3n2-2024"},"content":{"rendered":"\n<div style=\"height:100px\" aria-hidden=\"true\" class=\"wp-block-spacer\"><\/div>\n\n\n\n<hr class=\"wp-block-separator has-alpha-channel-opacity\"\/>\n\n\n\n<h6 class=\"wp-block-heading has-text-align-center\">Fracc. XLVII &#8211; Cualquier otra informaci\u00f3n de utilidad<\/h6>\n\n\n\n<div class=\"wp-block-buttons is-vertical is-content-justification-center is-layout-flex wp-container-core-buttons-is-layout-ce155fab wp-block-buttons-is-layout-flex\">\n<div class=\"wp-block-button\"><a class=\"wp-block-button__link has-white-color has-ast-global-color-0-background-color has-text-color has-background has-link-color wp-element-button\" href=\"https:\/\/difcorregidora.gob.mx\/archivos\/2024\/transparencia\/art66\/2T\/XLVII\/A\/LTAIPEQArt66FraccXLVIIA.xlsx\" target=\"_blank\" rel=\"noreferrer noopener\">Informaci\u00f3n de inter\u00e9s p\u00fablico<\/a><\/div>\n\n\n\n<div class=\"wp-block-button\"><a class=\"wp-block-button__link has-white-color has-ast-global-color-0-background-color has-text-color has-background has-link-color wp-element-button\" href=\"https:\/\/difcorregidora.gob.mx\/archivos\/2024\/transparencia\/art66\/2T\/XLVII\/B\/LTAIPEQArt66FraccXLVIIB.xlsx\" target=\"_blank\" rel=\"noreferrer noopener\">Preguntas frecuentes<\/a><\/div>\n\n\n\n<div class=\"wp-block-button\"><a class=\"wp-block-button__link has-white-color has-ast-global-color-0-background-color has-text-color has-background has-link-color wp-element-button\" href=\"https:\/\/difcorregidora.gob.mx\/archivos\/2024\/transparencia\/art66\/2T\/XLVII\/C\/LTAIPEQArt66FraccXLVIIC.xlsx\" target=\"_blank\" rel=\"noreferrer noopener\">Transparencia proactiva<\/a><\/div>\n<\/div>\n\n\n\n<hr class=\"wp-block-separator has-alpha-channel-opacity\"\/>\n\n\n\n<p><\/p>\n","protected":false},"excerpt":{"rendered":"<p>Fracc. XLVII &#8211; Cualquier otra informaci\u00f3n de utilidad<\/p>\n","protected":false},"author":1,"featured_media":0,"parent":0,"menu_order":0,"comment_status":"closed","ping_status":"closed","template":"","meta":{"footnotes":""},"class_list":["post-977","page","type-page","status-publish","hentry"],"_links":{"self":[{"href":"https:\/\/difcorregidora.gob.mx\/new\/wp-json\/wp\/v2\/pages\/977","targetHints":{"allow":["GET"]}}],"collection":[{"href":"https:\/\/difcorregidora.gob.mx\/new\/wp-json\/wp\/v2\/pages"}],"about":[{"href":"https:\/\/difcorregidora.gob.mx\/new\/wp-json\/wp\/v2\/types\/page"}],"author":[{"embeddable":true,"href":"https:\/\/difcorregidora.gob.mx\/new\/wp-json\/wp\/v2\/users\/1"}],"replies":[{"embeddable":true,"href":"https:\/\/difcorregidora.gob.mx\/new\/wp-json\/wp\/v2\/comments?post=977"}],"version-history":[{"count":1,"href":"https:\/\/difcorregidora.gob.mx\/new\/wp-json\/wp\/v2\/pages\/977\/revisions"}],"predecessor-version":[{"id":978,"href":"https:\/\/difcorregidora.gob.mx\/new\/wp-json\/wp\/v2\/pages\/977\/revisions\/978"}],"wp:attachment":[{"href":"https:\/\/difcorregidora.gob.mx\/new\/wp-json\/wp\/v2\/media?parent=977"}],"curies":[{"name":"wp","href":"https:\/\/api.w.org\/{rel}","templated":true}]}}